{"id":8741,"date":"2025-06-05T15:23:21","date_gmt":"2025-06-05T15:23:21","guid":{"rendered":"https:\/\/nodo.convertirleads.cl\/?page_id=8741"},"modified":"2025-06-11T21:10:39","modified_gmt":"2025-06-11T21:10:39","slug":"opinion","status":"publish","type":"page","link":"https:\/\/nodo.convertirleads.cl\/index.php\/opinion\/","title":{"rendered":"Opini\u00f3n"},"content":{"rendered":"\t\t<div data-elementor-type=\"wp-page\" data-elementor-id=\"8741\" class=\"elementor elementor-8741\" data-elementor-post-type=\"page\">\n\t\t\t\t<div class=\"elementor-element elementor-element-727b984 e-flex e-con-boxed e-con e-parent\" data-id=\"727b984\" data-element_type=\"container\">\n\t\t\t\t\t<div class=\"e-con-inner\">\n\t\t\t\t<div class=\"elementor-element elementor-element-f7d9e7f elementor-posts--thumbnail-none elementor-grid-3 elementor-grid-tablet-2 elementor-grid-mobile-1 elementor-card-shadow-yes elementor-posts__hover-gradient elementor-widget elementor-widget-posts\" data-id=\"f7d9e7f\" data-element_type=\"widget\" data-settings=\"{&quot;cards_columns&quot;:&quot;3&quot;,&quot;cards_columns_tablet&quot;:&quot;2&quot;,&quot;cards_columns_mobile&quot;:&quot;1&quot;,&quot;cards_row_gap&quot;:{&quot;unit&quot;:&quot;px&quot;,&quot;size&quot;:35,&quot;sizes&quot;:[]},&quot;cards_row_gap_tablet&quot;:{&quot;unit&quot;:&quot;px&quot;,&quot;size&quot;:&quot;&quot;,&quot;sizes&quot;:[]},&quot;cards_row_gap_mobile&quot;:{&quot;unit&quot;:&quot;px&quot;,&quot;size&quot;:&quot;&quot;,&quot;sizes&quot;:[]}}\" data-widget_type=\"posts.cards\">\n\t\t\t\t<div class=\"elementor-widget-container\">\n\t\t\t\t\t\t\t<div class=\"elementor-posts-container elementor-posts elementor-posts--skin-cards elementor-grid\">\n\t\t\t\t<article class=\"elementor-post elementor-grid-item post-8864 post type-post status-publish format-standard hentry category-noticias tag-noticia\">\n\t\t\t<div class=\"elementor-post__card\">\n\t\t\t\t<div class=\"elementor-post__text\">\n\t\t\t\t<h3 class=\"elementor-post__title\">\n\t\t\t<a href=\"https:\/\/nodo.convertirleads.cl\/index.php\/2025\/06\/11\/construyendo-un-futuro-sostenible-desde-la-region-de-los-lagos\/\" >\n\t\t\t\tConstruyendo un futuro sostenible desde la Regi\u00f3n de Los Lagos\t\t\t<\/a>\n\t\t<\/h3>\n\t\t\t\t<div class=\"elementor-post__excerpt\">\n\t\t\t<p>En la segunda edici\u00f3n del &#8220;Encuentro de Desarrollo Sostenible&#8221;, organizado por AIEP y Comunidad B Patagonia, reunimos a actores clave del \u00e1mbito p\u00fablico y privado para reflexionar y colaborar en torno a la importancia de impulsar la sostenibilidad como pilar esencial del desarrollo regional. Este espacio nos permiti\u00f3 destacar las buenas pr\u00e1cticas que equilibran el crecimiento econ\u00f3mico, el cuidado medioambiental y el bienestar social en nuestra regi\u00f3n. Con un enfoque en los desaf\u00edos y oportunidades regionales, destacamos el panel Desarrollo rural sostenible: &#8220;Horizonte hacia el bienestar socioterritorial&#8221;, donde Sebasti\u00e1n Videla Munita, Director Ejecutivo de Nodo Chile, comparti\u00f3 junto a otros panelistas con el objetivo de posicionar la realidad de las comunidades y localidades rurales de Chile y la regi\u00f3n, abordando<\/p>\n\t\t<\/div>\n\t\t\t\t\t<div class=\"elementor-post__read-more-wrapper\">\n\t\t\n\t\t<a class=\"elementor-post__read-more\" href=\"https:\/\/nodo.convertirleads.cl\/index.php\/2025\/06\/11\/construyendo-un-futuro-sostenible-desde-la-region-de-los-lagos\/\" aria-label=\"Read more about Construyendo un futuro sostenible desde la Regi\u00f3n de Los Lagos\" tabindex=\"-1\" >\n\t\t\tLeer m\u00e1s &gt;\t\t<\/a>\n\n\t\t\t\t\t<\/div>\n\t\t\t\t<\/div>\n\t\t\t\t<div class=\"elementor-post__meta-data\">\n\t\t\t\t\t<span class=\"elementor-post-author\">\n\t\t\tIgnacia Olivos\t\t<\/span>\n\t\t\t\t<\/div>\n\t\t\t\t\t<\/div>\n\t\t<\/article>\n\t\t\t\t<article class=\"elementor-post elementor-grid-item post-8774 post type-post status-publish format-standard hentry category-opinion tag-opinion\">\n\t\t\t<div class=\"elementor-post__card\">\n\t\t\t\t<div class=\"elementor-post__text\">\n\t\t\t\t<h3 class=\"elementor-post__title\">\n\t\t\t<a href=\"https:\/\/nodo.convertirleads.cl\/index.php\/2025\/06\/05\/participacion-ciudadana-temprana-garantias-para-empresas-y-comunidades-en-el-marco-de-la-evaluacion-ambiental\/\" >\n\t\t\t\tParticipaci\u00f3n Ciudadana Temprana: garant\u00edas para empresas y comunidades en el marco de la evaluaci\u00f3n ambiental\t\t\t<\/a>\n\t\t<\/h3>\n\t\t\t\t<div class=\"elementor-post__excerpt\">\n\t\t\t<p>El Servicio de Evaluaci\u00f3n Ambiental public\u00f3 a fines de 2023 la actualizaci\u00f3n de la Gu\u00eda de Participaci\u00f3n Ciudadana Anticipada (PACA) -lanzada en 2013- denomin\u00e1ndose ahora Gu\u00eda de Participaci\u00f3n Ciudadana Temprana (PCT), la cual estandariza procesos y metodolog\u00edas de participaci\u00f3n y relacionamiento comunitario en el marco de proyectos de inversi\u00f3n que ingresan al SEIA, e integra los principios y criterios del Acuerdo Regional sobre el Acceso a la Informaci\u00f3n, la Participaci\u00f3n P\u00fablica y el Acceso a la Justicia en Asuntos Ambientales en Am\u00e9rica Latina y el Caribe (Acuerdo de Escaz\u00fa), al cual el Estado de Chile adhiere desde septiembre de 2022, asegurando avances en la garant\u00eda de los derechos de acceso que all\u00ed se consagran. Esta gu\u00eda est\u00e1 enfocada en el<\/p>\n\t\t<\/div>\n\t\t\t\t\t<div class=\"elementor-post__read-more-wrapper\">\n\t\t\n\t\t<a class=\"elementor-post__read-more\" href=\"https:\/\/nodo.convertirleads.cl\/index.php\/2025\/06\/05\/participacion-ciudadana-temprana-garantias-para-empresas-y-comunidades-en-el-marco-de-la-evaluacion-ambiental\/\" aria-label=\"Read more about Participaci\u00f3n Ciudadana Temprana: garant\u00edas para empresas y comunidades en el marco de la evaluaci\u00f3n ambiental\" tabindex=\"-1\" >\n\t\t\tLeer m\u00e1s &gt;\t\t<\/a>\n\n\t\t\t\t\t<\/div>\n\t\t\t\t<\/div>\n\t\t\t\t<div class=\"elementor-post__meta-data\">\n\t\t\t\t\t<span class=\"elementor-post-author\">\n\t\t\tSebasti\u00e1n Videla\t\t<\/span>\n\t\t\t\t<\/div>\n\t\t\t\t\t<\/div>\n\t\t<\/article>\n\t\t\t\t<article class=\"elementor-post elementor-grid-item post-8772 post type-post status-publish format-standard hentry category-opinion tag-opinion\">\n\t\t\t<div class=\"elementor-post__card\">\n\t\t\t\t<div class=\"elementor-post__text\">\n\t\t\t\t<h3 class=\"elementor-post__title\">\n\t\t\t<a href=\"https:\/\/nodo.convertirleads.cl\/index.php\/2025\/06\/05\/mujeres-en-los-directorios-una-decision-estrategica-que-impulsa-la-sostenibilidad\/\" >\n\t\t\t\tMujeres en los directorios: una decisi\u00f3n estrat\u00e9gica que impulsa la sostenibilidad\t\t\t<\/a>\n\t\t<\/h3>\n\t\t\t\t<div class=\"elementor-post__excerpt\">\n\t\t\t<p>Cada mes de marzo se reaviva el debate sobre la importancia de incorporar mujeres en los directorios de empresas. Esta conversaci\u00f3n no deber\u00eda limitarse a este mes, sino formar parte de un compromiso continuo y este a\u00f1o la discusi\u00f3n es especialmente importante tras la reciente aprobaci\u00f3n de la ley \u201cM\u00e1s Mujeres en Directorios\u201d, que establece que el g\u00e9nero mayoritario no podr\u00e1 superar el 60% de los puestos. Diversos estudios han demostrado los beneficios de la inclusi\u00f3n de mujeres en la toma de decisiones, pero poco se habla del impacto concreto que tiene la participaci\u00f3n femenina en la sostenibilidad empresarial y la relaci\u00f3n con los stakeholders. Las mujeres en los directorios aportan una visi\u00f3n a largo plazo y una mayor orientaci\u00f3n<\/p>\n\t\t<\/div>\n\t\t\t\t\t<div class=\"elementor-post__read-more-wrapper\">\n\t\t\n\t\t<a class=\"elementor-post__read-more\" href=\"https:\/\/nodo.convertirleads.cl\/index.php\/2025\/06\/05\/mujeres-en-los-directorios-una-decision-estrategica-que-impulsa-la-sostenibilidad\/\" aria-label=\"Read more about Mujeres en los directorios: una decisi\u00f3n estrat\u00e9gica que impulsa la sostenibilidad\" tabindex=\"-1\" >\n\t\t\tLeer m\u00e1s &gt;\t\t<\/a>\n\n\t\t\t\t\t<\/div>\n\t\t\t\t<\/div>\n\t\t\t\t<div class=\"elementor-post__meta-data\">\n\t\t\t\t\t<span class=\"elementor-post-author\">\n\t\t\tPilar de la Cerda\t\t<\/span>\n\t\t\t\t<\/div>\n\t\t\t\t\t<\/div>\n\t\t<\/article>\n\t\t\t\t<article class=\"elementor-post elementor-grid-item post-8770 post type-post status-publish format-standard hentry category-opinion tag-opinion\">\n\t\t\t<div class=\"elementor-post__card\">\n\t\t\t\t<div class=\"elementor-post__text\">\n\t\t\t\t<h3 class=\"elementor-post__title\">\n\t\t\t<a href=\"https:\/\/nodo.convertirleads.cl\/index.php\/2025\/06\/05\/lo-que-no-se-dice-cuesta-caro-la-importancia-de-hablar-claro-con-las-comunidades\/\" >\n\t\t\t\tLo que no se dice cuesta caro: la importancia de hablar claro con las comunidades\t\t\t<\/a>\n\t\t<\/h3>\n\t\t\t\t<div class=\"elementor-post__excerpt\">\n\t\t\t<p>En el desarrollo de proyectos energ\u00e9ticos, especialmente aquellos vinculados a fuentes renovables como la e\u00f3lica, se ha vuelto cada vez m\u00e1s evidente que la transparencia temprana sobre los potenciales impactos no es solo una buena pr\u00e1ctica, sino una condici\u00f3n necesaria para construir relaciones de confianza con los territorios. La experiencia nacional e internacional ha demostrado que ocultar, minimizar o postergar informaci\u00f3n relevante sobre afectaciones potenciales como cambios en el paisaje, ruidos, parpadeos de sombra o intervenciones sobre el territorio, puede tener un costo muy alto, tanto para la viabilidad de los proyectos como para la reputaci\u00f3n futura de las empresas. La ausencia de Licencia Social para Operar (LSO) no solo genera rechazo frente a proyectos espec\u00edficos, sino que puede desencadenar<\/p>\n\t\t<\/div>\n\t\t\t\t\t<div class=\"elementor-post__read-more-wrapper\">\n\t\t\n\t\t<a class=\"elementor-post__read-more\" href=\"https:\/\/nodo.convertirleads.cl\/index.php\/2025\/06\/05\/lo-que-no-se-dice-cuesta-caro-la-importancia-de-hablar-claro-con-las-comunidades\/\" aria-label=\"Read more about Lo que no se dice cuesta caro: la importancia de hablar claro con las comunidades\" tabindex=\"-1\" >\n\t\t\tLeer m\u00e1s &gt;\t\t<\/a>\n\n\t\t\t\t\t<\/div>\n\t\t\t\t<\/div>\n\t\t\t\t<div class=\"elementor-post__meta-data\">\n\t\t\t\t\t<span class=\"elementor-post-author\">\n\t\t\tFrancisco Valenzuela\t\t<\/span>\n\t\t\t\t<\/div>\n\t\t\t\t\t<\/div>\n\t\t<\/article>\n\t\t\t\t<article class=\"elementor-post elementor-grid-item post-8751 post type-post status-publish format-standard hentry category-opinion tag-opinion\">\n\t\t\t<div class=\"elementor-post__card\">\n\t\t\t\t<div class=\"elementor-post__text\">\n\t\t\t\t<h3 class=\"elementor-post__title\">\n\t\t\t<a href=\"https:\/\/nodo.convertirleads.cl\/index.php\/2025\/06\/05\/la-colaboracion-como-herramienta-para-abordar-la-sostenibilidad\/\" >\n\t\t\t\tLa colaboraci\u00f3n como herramienta para abordar la sostenibilidad\t\t\t<\/a>\n\t\t<\/h3>\n\t\t\t\t<div class=\"elementor-post__excerpt\">\n\t\t\t<p>Por Francisco Valenzuela La idea de colaborar no es nueva. Tampoco su importancia en la construcci\u00f3n de realidades compartidas e incluso en la satisfacci\u00f3n de nuestras necesidades. Sin embargo, la colaboraci\u00f3n sigue siendo disruptiva y no es la norma en el contexto corporativo, donde por mucho tiempo la competencia ha sido el status quo y motor de crecimiento.\u00a0 Si queremos construir un modelo de desarrollo para el pa\u00eds, donde el desarrollo econ\u00f3mico contribuya al bienestar de las personas, debemos establecer una visi\u00f3n com\u00fan. La comunicaci\u00f3n y la colaboraci\u00f3n ser\u00e1n la clave fundamental para la construcci\u00f3n de una realidad compartida. Un ejemplo de colaboraci\u00f3n como instrumento para alcanzar la sostenibilidad es la simbiosis industrial, proceso en el que los residuos de<\/p>\n\t\t<\/div>\n\t\t\t\t\t<div class=\"elementor-post__read-more-wrapper\">\n\t\t\n\t\t<a class=\"elementor-post__read-more\" href=\"https:\/\/nodo.convertirleads.cl\/index.php\/2025\/06\/05\/la-colaboracion-como-herramienta-para-abordar-la-sostenibilidad\/\" aria-label=\"Read more about La colaboraci\u00f3n como herramienta para abordar la sostenibilidad\" tabindex=\"-1\" >\n\t\t\tLeer m\u00e1s &gt;\t\t<\/a>\n\n\t\t\t\t\t<\/div>\n\t\t\t\t<\/div>\n\t\t\t\t<div class=\"elementor-post__meta-data\">\n\t\t\t\t\t<span class=\"elementor-post-author\">\n\t\t\tFrancisco Valenzuela\t\t<\/span>\n\t\t\t\t<\/div>\n\t\t\t\t\t<\/div>\n\t\t<\/article>\n\t\t\t\t<\/div>\n\t\t\n\t\t\t\t\t\t<\/div>\n\t\t\t\t<\/div>\n\t\t\t\t\t<\/div>\n\t\t\t\t<\/div>\n\t\t<div class=\"elementor-element elementor-element-e0ef9f7 e-flex e-con-boxed e-con e-parent\" data-id=\"e0ef9f7\" data-element_type=\"container\">\n\t\t\t\t\t<div class=\"e-con-inner\">\n\t\t\t\t<div class=\"elementor-element elementor-element-ea755c8 elementor-widget elementor-widget-button\" data-id=\"ea755c8\" data-element_type=\"widget\" data-widget_type=\"button.default\">\n\t\t\t\t<div class=\"elementor-widget-container\">\n\t\t\t\t\t\t\t\t\t<div class=\"elementor-button-wrapper\">\n\t\t\t\t\t<a class=\"elementor-button elementor-button-link elementor-size-sm\" href=\"https:\/\/nodo.convertirleads.cl\/index.php\/recursos\/\">\n\t\t\t\t\t\t<span class=\"elementor-button-content-wrapper\">\n\t\t\t\t\t\t\t\t\t<span class=\"elementor-button-text\">volver<\/span>\n\t\t\t\t\t<\/span>\n\t\t\t\t\t<\/a>\n\t\t\t\t<\/div>\n\t\t\t\t\t\t\t\t<\/div>\n\t\t\t\t<\/div>\n\t\t\t\t\t<\/div>\n\t\t\t\t<\/div>\n\t\t\t\t<\/div>\n\t\t","protected":false},"excerpt":{"rendered":"<p>volver<\/p>\n","protected":false},"author":2,"featured_media":0,"parent":0,"menu_order":0,"comment_status":"closed","ping_status":"closed","template":"elementor_canvas","meta":{"footnotes":""},"class_list":["post-8741","page","type-page","status-publish","hentry"],"_links":{"self":[{"href":"https:\/\/nodo.convertirleads.cl\/index.php\/wp-json\/wp\/v2\/pages\/8741","targetHints":{"allow":["GET"]}}],"collection":[{"href":"https:\/\/nodo.convertirleads.cl\/index.php\/wp-json\/wp\/v2\/pages"}],"about":[{"href":"https:\/\/nodo.convertirleads.cl\/index.php\/wp-json\/wp\/v2\/types\/page"}],"author":[{"embeddable":true,"href":"https:\/\/nodo.convertirleads.cl\/index.php\/wp-json\/wp\/v2\/users\/2"}],"replies":[{"embeddable":true,"href":"https:\/\/nodo.convertirleads.cl\/index.php\/wp-json\/wp\/v2\/comments?post=8741"}],"version-history":[{"count":36,"href":"https:\/\/nodo.convertirleads.cl\/index.php\/wp-json\/wp\/v2\/pages\/8741\/revisions"}],"predecessor-version":[{"id":8946,"href":"https:\/\/nodo.convertirleads.cl\/index.php\/wp-json\/wp\/v2\/pages\/8741\/revisions\/8946"}],"wp:attachment":[{"href":"https:\/\/nodo.convertirleads.cl\/index.php\/wp-json\/wp\/v2\/media?parent=8741"}],"curies":[{"name":"wp","href":"https:\/\/api.w.org\/{rel}","templated":true}]}}